{"id":5,"date":"2022-12-23T11:03:45","date_gmt":"2022-12-23T11:03:45","guid":{"rendered":"https:\/\/dkgsw.se\/?page_id=5"},"modified":"2026-03-30T18:44:28","modified_gmt":"2026-03-30T18:44:28","slug":"hem","status":"publish","type":"page","link":"https:\/\/dkgsw.se\/","title":{"rendered":"Hem"},"content":{"rendered":"\n<div class=\"wp-block-columns is-layout-flex wp-container-core-columns-is-layout-9d6595d7 wp-block-columns-is-layout-flex\">\n<div class=\"wp-block-column is-layout-flow wp-block-column-is-layout-flow\">\n<h1 class=\"wp-block-heading\"><strong><em>V\u00e4lkommen till Dansklubben Gullabo Swingers&nbsp;&nbsp;<\/em><\/strong><strong><em>&nbsp;<\/em><\/strong><\/h1>\n\n\n\n<p>Varmt v\u00e4lkomna att anm\u00e4la dig till v\u00e5ra kurser som du finner under fliken anm\u00e4lan.<\/p>\n\n\n\n<p><\/p>\n\n\n\n<div class=\"wp-block-buttons is-layout-flex wp-block-buttons-is-layout-flex\">\n<div class=\"wp-block-button is-style-fill\"><a class=\"wp-block-button__link has-header-menu-bg-color-background-color has-background wp-element-button\" href=\"https:\/\/dkgsw.se\/index.php\/anmalan-avgifter-kursutbud-medlemskap-mm\/anmalan\/\" style=\"border-radius:0px\">Anm\u00e4lan<\/a><\/div>\n<\/div>\n\n\n\n<figure class=\"wp-block-image size-large\"><img loading=\"lazy\" decoding=\"async\" width=\"155\" height=\"16\" src=\"https:\/\/dkgsw.se\/wp-content\/uploads\/2025\/01\/intersport-full-logo-2.svg\" alt=\"\" class=\"wp-image-529\"\/><figcaption class=\"wp-element-caption\"><strong><a href=\"https:\/\/team.intersport.se\/dk-gullabo-swingers-danssport\">Klubbkl\u00e4der<\/a><\/strong><\/figcaption><\/figure>\n<\/div>\n\n\n\n<div class=\"wp-block-column is-layout-flow wp-block-column-is-layout-flow\">\n<figure class=\"wp-block-image size-large\"><img loading=\"lazy\" decoding=\"async\" width=\"1024\" height=\"768\" src=\"https:\/\/dkgsw.se\/wp-content\/uploads\/2026\/03\/Bjorkangen-2025-1-1024x768.jpg\" alt=\"\" class=\"wp-image-572\" srcset=\"https:\/\/dkgsw.se\/wp-content\/uploads\/2026\/03\/Bjorkangen-2025-1-1024x768.jpg 1024w, https:\/\/dkgsw.se\/wp-content\/uploads\/2026\/03\/Bjorkangen-2025-1-300x225.jpg 300w, https:\/\/dkgsw.se\/wp-content\/uploads\/2026\/03\/Bjorkangen-2025-1-768x576.jpg 768w, https:\/\/dkgsw.se\/wp-content\/uploads\/2026\/03\/Bjorkangen-2025-1-1536x1152.jpg 1536w, https:\/\/dkgsw.se\/wp-content\/uploads\/2026\/03\/Bjorkangen-2025-1.jpg 2048w\" sizes=\"auto, (max-width: 1024px) 100vw, 1024px\" \/><figcaption class=\"wp-element-caption\">H\u00e4r \u00e4r en bild fr\u00e5n en av v\u00e5ra sommardanser p\u00e5 Bj\u00f6rk\u00e4ngen 2025, snart \u00e4r det dags igen! <\/figcaption><\/figure>\n<\/div>\n<\/div>\n\n\n\n<div class=\"wp-block-columns is-layout-flex wp-container-core-columns-is-layout-9d6595d7 wp-block-columns-is-layout-flex\">\n<div class=\"wp-block-column w-padding-1 has-background is-layout-flow wp-block-column-is-layout-flow\" style=\"background-color:#ededed\">\n<h2 class=\"wp-block-heading has-header-menu-bg-color-color has-text-color\">V\u00e5ra nyheter<\/h2>\n\n\n\n<p><\/p>\n\n\n<ul class=\"wp-block-latest-posts__list wp-block-latest-posts\"><li><a class=\"wp-block-latest-posts__post-title\" href=\"https:\/\/dkgsw.se\/index.php\/2026\/03\/30\/dans-i-bjorkangen-2026\/\">Dans i Bj\u00f6rk\u00e4ngen 2026<\/a><\/li>\n<li><a class=\"wp-block-latest-posts__post-title\" href=\"https:\/\/dkgsw.se\/index.php\/2025\/11\/26\/nu-ligger-varens-kurser-ute\/\">Nu ligger v\u00e5rens kurser ute!<\/a><\/li>\n<li><a class=\"wp-block-latest-posts__post-title\" href=\"https:\/\/dkgsw.se\/index.php\/2025\/09\/21\/motionsdanser\/\">Motionsdanser<\/a><\/li>\n<li><a class=\"wp-block-latest-posts__post-title\" href=\"https:\/\/dkgsw.se\/index.php\/2025\/08\/04\/mycket-pa-gang-i-host\/\">Mycket p\u00e5 g\u00e5ng i h\u00f6st!<\/a><\/li>\n<li><a class=\"wp-block-latest-posts__post-title\" href=\"https:\/\/dkgsw.se\/index.php\/2025\/06\/15\/hostens-kurser\/\">H\u00f6stens kurser<\/a><\/li>\n<\/ul><\/div>\n\n\n\n<div class=\"wp-block-column is-vertically-aligned-center has-header-menu-bg-color-color has-text-color is-layout-flow wp-block-column-is-layout-flow\">\n<figure class=\"wp-block-image size-large\"><img loading=\"lazy\" decoding=\"async\" width=\"1024\" height=\"768\" src=\"https:\/\/dkgsw.se\/wp-content\/uploads\/2026\/03\/Kursavslutning-vt-26-1024x768.jpg\" alt=\"\" class=\"wp-image-573\" srcset=\"https:\/\/dkgsw.se\/wp-content\/uploads\/2026\/03\/Kursavslutning-vt-26-1024x768.jpg 1024w, https:\/\/dkgsw.se\/wp-content\/uploads\/2026\/03\/Kursavslutning-vt-26-300x225.jpg 300w, https:\/\/dkgsw.se\/wp-content\/uploads\/2026\/03\/Kursavslutning-vt-26-768x576.jpg 768w, https:\/\/dkgsw.se\/wp-content\/uploads\/2026\/03\/Kursavslutning-vt-26-1536x1152.jpg 1536w, https:\/\/dkgsw.se\/wp-content\/uploads\/2026\/03\/Kursavslutning-vt-26.jpg 2048w\" sizes=\"auto, (max-width: 1024px) 100vw, 1024px\" \/><figcaption class=\"wp-element-caption\">Bild fr\u00e5n v\u00e5r senaste kursavslutning med mat och dans.<\/figcaption><\/figure>\n<\/div>\n<\/div>\n","protected":false},"excerpt":{"rendered":"<p>V\u00e4lkommen till Dansklubben Gullabo Swingers&nbsp;&nbsp;&nbsp; Varmt v\u00e4lkomna att anm\u00e4la dig till v\u00e5ra kurser som du finner under fliken anm\u00e4lan. V\u00e5ra nyheter<\/p>\n","protected":false},"author":1,"featured_media":0,"parent":0,"menu_order":0,"comment_status":"closed","ping_status":"closed","template":"page-templates\/front-page.php","meta":{"_acf_changed":false,"inline_featured_image":false,"footnotes":""},"class_list":["post-5","page","type-page","status-publish","hentry"],"acf":[],"_links":{"self":[{"href":"https:\/\/dkgsw.se\/index.php\/wp-json\/wp\/v2\/pages\/5","targetHints":{"allow":["GET"]}}],"collection":[{"href":"https:\/\/dkgsw.se\/index.php\/wp-json\/wp\/v2\/pages"}],"about":[{"href":"https:\/\/dkgsw.se\/index.php\/wp-json\/wp\/v2\/types\/page"}],"author":[{"embeddable":true,"href":"https:\/\/dkgsw.se\/index.php\/wp-json\/wp\/v2\/users\/1"}],"replies":[{"embeddable":true,"href":"https:\/\/dkgsw.se\/index.php\/wp-json\/wp\/v2\/comments?post=5"}],"version-history":[{"count":66,"href":"https:\/\/dkgsw.se\/index.php\/wp-json\/wp\/v2\/pages\/5\/revisions"}],"predecessor-version":[{"id":575,"href":"https:\/\/dkgsw.se\/index.php\/wp-json\/wp\/v2\/pages\/5\/revisions\/575"}],"wp:attachment":[{"href":"https:\/\/dkgsw.se\/index.php\/wp-json\/wp\/v2\/media?parent=5"}],"curies":[{"name":"wp","href":"https:\/\/api.w.org\/{rel}","templated":true}]}}